{"id":7818,"date":"2020-07-19T07:41:50","date_gmt":"2020-07-19T07:41:50","guid":{"rendered":"https:\/\/coding-home.com\/web-gelistirme\/"},"modified":"2026-05-10T22:40:48","modified_gmt":"2026-05-10T19:40:48","slug":"web-development","status":"publish","type":"page","link":"https:\/\/staging.coding-home.com\/tr\/web-development\/","title":{"rendered":"Web Geli\u015ftirme"},"content":{"rendered":"<style>.ch-page{max-width:1180px;margin:0 auto;padding:72px 24px 110px;color:#071f2c}.ch-page[dir=rtl]{text-align:right;font-family:'Cairo','Noto Kufi Arabic',Tahoma,Arial,sans-serif}.ch-page h1{font-size:clamp(2.5rem,6vw,5.2rem);line-height:1.02;margin:0 0 18px}.ch-page h2{font-size:clamp(1.8rem,3vw,2.7rem);margin:52px 0 18px}.ch-page p{font-size:1.05rem;line-height:1.75}.ch-grid{display:grid;grid-template-columns:repeat(3,minmax(0,1fr));gap:22px;margin:28px 0}.ch-card{display:block;background:#fff;border:1px solid rgba(7,31,44,.12);border-radius:26px;padding:26px;color:#071f2c;text-decoration:none;box-shadow:0 18px 48px rgba(7,31,44,.08);transition:.2s}.ch-card:hover,.ch-card:focus{transform:translateY(-4px);outline:3px solid #4ecdc4;outline-offset:3px}.ch-hero-card{background:linear-gradient(135deg,#061d2b,#0e3a45);color:#fff;border-radius:34px;padding:34px;margin:30px 0}.ch-badge{display:inline-block;background:#d8fbf7;color:#06424a;border-radius:999px;padding:7px 12px;font-weight:700;margin-bottom:12px}.ch-work-img{height:170px;border-radius:20px;background:linear-gradient(135deg,#4ecdc4,#071f2c);margin-bottom:18px;position:relative;overflow:hidden}.ch-work-img:after{content:'';position:absolute;inset:28px;border:1px solid rgba(255,255,255,.45);border-radius:16px;box-shadow:42px 28px 0 rgba(255,255,255,.12)}.ch-table{width:100%;border-collapse:collapse;background:#fff;border-radius:20px;overflow:hidden}.ch-table th,.ch-table td{padding:16px;border-bottom:1px solid rgba(7,31,44,.1);text-align:start}.ch-cta{display:inline-block;background:#4ecdc4;color:#061d2b!important;border-radius:999px;padding:13px 20px;text-decoration:none;font-weight:800;margin-top:14px}.ch-page .brand-en{text-transform:none!important}@media(max-width:760px){.ch-grid{grid-template-columns:1fr}.ch-hero-card{border-radius:22px}}#ht-ctc-chat{max-width:min(260px,calc(100vw - 34px))!important}#ht-ctc-chat .ht-ctc-chat{white-space:nowrap!important}<\/style>\n<p><main id=\"main-content\" class=\"ch-page\" lang=\"tr\"><span class=\"ch-badge\"><span class=\"brand-en\" lang=\"en\" dir=\"ltr\">CODING HOME<\/span><\/span><\/p>\n<h1>Web Geli\u015ftirme<\/h1>\n<p>Web siteleri, WordPress yap\u0131lar\u0131 ve pratik web uygulamalar\u0131.<\/p>\n<section class=\"ch-hero-card\">\n<h2>Nas\u0131l ba\u015flar\u0131z<\/h2>\n<p>K\u0131sa bir denetimle ba\u015flar, kapsam\u0131, \u00f6nceli\u011fi ve uygulama plan\u0131n\u0131 netle\u015ftiririz.<\/p>\n<p><a class=\"ch-cta\" href=\"\/tr\/contact\/\">Projenizi konu\u015fun<\/a><\/section>\n<div class=\"ch-grid\">\n<article class=\"ch-card\">\n<h3>Planlama<\/h3>\n<p>Net gereksinimler ve \u00f6l\u00e7\u00fclebilir \u00e7\u0131kt\u0131lar.<\/p>\n<\/article>\n<article class=\"ch-card\">\n<h3>Uygulama<\/h3>\n<p>A\u015famal\u0131 kontrollerle d\u00fczenli geli\u015ftirme.<\/p>\n<\/article>\n<article class=\"ch-card\">\n<h3>Yay\u0131n<\/h3>\n<p>Test, yay\u0131n ve yay\u0131ndan sonra iyile\u015ftirme.<\/p>\n<\/article>\n<\/div>\n<p><\/main><\/p>\n","protected":false},"excerpt":{"rendered":"<p>CODING HOME Web Geli\u015ftirme Web siteleri, WordPress yap\u0131lar\u0131 ve pratik web uygulamalar\u0131. Nas\u0131l ba\u015flar\u0131z K\u0131sa bir denetimle ba\u015flar, kapsam\u0131, \u00f6nceli\u011fi ve uygulama plan\u0131n\u0131 netle\u015ftiririz. Projenizi konu\u015fun Planlama Net gereksinimler ve \u00f6l\u00e7\u00fclebilir \u00e7\u0131kt\u0131lar. Uygulama A\u015famal\u0131 kontrollerle d\u00fczenli geli\u015ftirme. Yay\u0131n Test, yay\u0131n ve yay\u0131ndan sonra iyile\u015ftirme.<\/p>\n","protected":false},"author":1,"featured_media":0,"parent":0,"menu_order":0,"comment_status":"closed","ping_status":"closed","template":"custom-page.php","meta":{"footnotes":""},"class_list":["post-7818","page","type-page","status-publish","hentry","col-lg-4"," masonry-item ","nt-default-format-box",""," nt-post-class "],"yoast_head":"<!-- This site is optimized with the Yoast SEO plugin v27.5 - https:\/\/yoast.com\/product\/yoast-seo-wordpress\/ -->\n<title>Web Geli\u015ftirme - Coding Home<\/title>\n<meta name=\"robots\" content=\"noindex, follow, max-snippet:-1, max-image-preview:large, max-video-preview:-1\" \/>\n<meta property=\"og:locale\" content=\"tr_TR\" \/>\n<meta property=\"og:type\" content=\"article\" \/>\n<meta property=\"og:title\" content=\"Web Geli\u015ftirme - Coding Home\" \/>\n<meta property=\"og:description\" content=\"CODING HOME Web Geli\u015ftirme Web siteleri, WordPress yap\u0131lar\u0131 ve pratik web uygulamalar\u0131. Nas\u0131l ba\u015flar\u0131z K\u0131sa bir denetimle ba\u015flar, kapsam\u0131, \u00f6nceli\u011fi ve uygulama plan\u0131n\u0131 netle\u015ftiririz. Projenizi konu\u015fun Planlama Net gereksinimler ve \u00f6l\u00e7\u00fclebilir \u00e7\u0131kt\u0131lar. Uygulama A\u015famal\u0131 kontrollerle d\u00fczenli geli\u015ftirme. Yay\u0131n Test, yay\u0131n ve yay\u0131ndan sonra iyile\u015ftirme.\" \/>\n<meta property=\"og:url\" content=\"https:\/\/staging.coding-home.com\/tr\/web-development\/\" \/>\n<meta property=\"og:site_name\" content=\"Coding Home\" \/>\n<meta property=\"article:modified_time\" content=\"2026-05-10T19:40:48+00:00\" \/>\n<meta name=\"twitter:card\" content=\"summary_large_image\" \/>\n<script type=\"application\/ld+json\" class=\"yoast-schema-graph\">{\"@context\":\"https:\\\/\\\/schema.org\",\"@graph\":[{\"@type\":\"WebPage\",\"@id\":\"https:\\\/\\\/staging.coding-home.com\\\/tr\\\/web-development\\\/\",\"url\":\"https:\\\/\\\/staging.coding-home.com\\\/tr\\\/web-development\\\/\",\"name\":\"Web Geli\u015ftirme - Coding Home\",\"isPartOf\":{\"@id\":\"https:\\\/\\\/staging.coding-home.com\\\/#website\"},\"datePublished\":\"2020-07-19T07:41:50+00:00\",\"dateModified\":\"2026-05-10T19:40:48+00:00\",\"breadcrumb\":{\"@id\":\"https:\\\/\\\/staging.coding-home.com\\\/tr\\\/web-development\\\/#breadcrumb\"},\"inLanguage\":\"tr\",\"potentialAction\":[{\"@type\":\"ReadAction\",\"target\":[\"https:\\\/\\\/staging.coding-home.com\\\/tr\\\/web-development\\\/\"]}]},{\"@type\":\"BreadcrumbList\",\"@id\":\"https:\\\/\\\/staging.coding-home.com\\\/tr\\\/web-development\\\/#breadcrumb\",\"itemListElement\":[{\"@type\":\"ListItem\",\"position\":1,\"name\":\"Home\",\"item\":\"https:\\\/\\\/staging.coding-home.com\\\/tr\\\/\"},{\"@type\":\"ListItem\",\"position\":2,\"name\":\"Web Geli\u015ftirme\"}]},{\"@type\":\"WebSite\",\"@id\":\"https:\\\/\\\/staging.coding-home.com\\\/#website\",\"url\":\"https:\\\/\\\/staging.coding-home.com\\\/\",\"name\":\"Coding Home\",\"description\":\"A leading Provider of All Coding-related Services\",\"potentialAction\":[{\"@type\":\"SearchAction\",\"target\":{\"@type\":\"EntryPoint\",\"urlTemplate\":\"https:\\\/\\\/staging.coding-home.com\\\/?s={search_term_string}\"},\"query-input\":{\"@type\":\"PropertyValueSpecification\",\"valueRequired\":true,\"valueName\":\"search_term_string\"}}],\"inLanguage\":\"tr\"}]}<\/script>\n<!-- \/ Yoast SEO plugin. -->","yoast_head_json":{"title":"Web Geli\u015ftirme - Coding Home","robots":{"index":"noindex","follow":"follow","max-snippet":"max-snippet:-1","max-image-preview":"max-image-preview:large","max-video-preview":"max-video-preview:-1"},"og_locale":"tr_TR","og_type":"article","og_title":"Web Geli\u015ftirme - Coding Home","og_description":"CODING HOME Web Geli\u015ftirme Web siteleri, WordPress yap\u0131lar\u0131 ve pratik web uygulamalar\u0131. Nas\u0131l ba\u015flar\u0131z K\u0131sa bir denetimle ba\u015flar, kapsam\u0131, \u00f6nceli\u011fi ve uygulama plan\u0131n\u0131 netle\u015ftiririz. Projenizi konu\u015fun Planlama Net gereksinimler ve \u00f6l\u00e7\u00fclebilir \u00e7\u0131kt\u0131lar. Uygulama A\u015famal\u0131 kontrollerle d\u00fczenli geli\u015ftirme. Yay\u0131n Test, yay\u0131n ve yay\u0131ndan sonra iyile\u015ftirme.","og_url":"https:\/\/staging.coding-home.com\/tr\/web-development\/","og_site_name":"Coding Home","article_modified_time":"2026-05-10T19:40:48+00:00","twitter_card":"summary_large_image","schema":{"@context":"https:\/\/schema.org","@graph":[{"@type":"WebPage","@id":"https:\/\/staging.coding-home.com\/tr\/web-development\/","url":"https:\/\/staging.coding-home.com\/tr\/web-development\/","name":"Web Geli\u015ftirme - Coding Home","isPartOf":{"@id":"https:\/\/staging.coding-home.com\/#website"},"datePublished":"2020-07-19T07:41:50+00:00","dateModified":"2026-05-10T19:40:48+00:00","breadcrumb":{"@id":"https:\/\/staging.coding-home.com\/tr\/web-development\/#breadcrumb"},"inLanguage":"tr","potentialAction":[{"@type":"ReadAction","target":["https:\/\/staging.coding-home.com\/tr\/web-development\/"]}]},{"@type":"BreadcrumbList","@id":"https:\/\/staging.coding-home.com\/tr\/web-development\/#breadcrumb","itemListElement":[{"@type":"ListItem","position":1,"name":"Home","item":"https:\/\/staging.coding-home.com\/tr\/"},{"@type":"ListItem","position":2,"name":"Web Geli\u015ftirme"}]},{"@type":"WebSite","@id":"https:\/\/staging.coding-home.com\/#website","url":"https:\/\/staging.coding-home.com\/","name":"Coding Home","description":"A leading Provider of All Coding-related Services","potentialAction":[{"@type":"SearchAction","target":{"@type":"EntryPoint","urlTemplate":"https:\/\/staging.coding-home.com\/?s={search_term_string}"},"query-input":{"@type":"PropertyValueSpecification","valueRequired":true,"valueName":"search_term_string"}}],"inLanguage":"tr"}]}},"_links":{"self":[{"href":"https:\/\/staging.coding-home.com\/tr\/wp-json\/wp\/v2\/pages\/7818","targetHints":{"allow":["GET"]}}],"collection":[{"href":"https:\/\/staging.coding-home.com\/tr\/wp-json\/wp\/v2\/pages"}],"about":[{"href":"https:\/\/staging.coding-home.com\/tr\/wp-json\/wp\/v2\/types\/page"}],"author":[{"embeddable":true,"href":"https:\/\/staging.coding-home.com\/tr\/wp-json\/wp\/v2\/users\/1"}],"replies":[{"embeddable":true,"href":"https:\/\/staging.coding-home.com\/tr\/wp-json\/wp\/v2\/comments?post=7818"}],"version-history":[{"count":7,"href":"https:\/\/staging.coding-home.com\/tr\/wp-json\/wp\/v2\/pages\/7818\/revisions"}],"predecessor-version":[{"id":9597,"href":"https:\/\/staging.coding-home.com\/tr\/wp-json\/wp\/v2\/pages\/7818\/revisions\/9597"}],"wp:attachment":[{"href":"https:\/\/staging.coding-home.com\/tr\/wp-json\/wp\/v2\/media?parent=7818"}],"curies":[{"name":"wp","href":"https:\/\/api.w.org\/{rel}","templated":true}]}}