{"id":9579,"date":"2026-05-10T22:24:20","date_gmt":"2026-05-10T19:24:20","guid":{"rendered":"https:\/\/staging.coding-home.com\/contact\/"},"modified":"2026-05-10T23:12:12","modified_gmt":"2026-05-10T20:12:12","slug":"contact","status":"publish","type":"page","link":"https:\/\/staging.coding-home.com\/tr\/contact\/","title":{"rendered":"\u0130leti\u015fim"},"content":{"rendered":"<style>.ch-local-contact{max-width:1180px;margin:0 auto;padding:72px 24px 56px;color:#071f2c}.ch-local-contact h1{font-size:clamp(2.4rem,6vw,5rem);line-height:1.02}.ch-contact-card{background:#061d2b;color:#fff;border-radius:28px;padding:30px;margin:34px 0}.ch-contact-card a{color:#9ef1ee}.ch-local-contact--ar{text-align:right;font-family:\"Noto Kufi Arabic\",\"Noto Sans Arabic\",Tahoma,Arial,sans-serif}.wpcf7 form .ch-cf7-grid{display:grid;grid-template-columns:repeat(2,minmax(0,1fr));gap:18px}.wpcf7 form .ch-cf7-field{display:flex;flex-direction:column;gap:7px;margin:0 0 16px}.wpcf7 form .ch-cf7-field--full{grid-column:1\/-1}.wpcf7 input:not([type=submit]),.wpcf7 textarea,.wpcf7 select{border-radius:14px!important;padding:13px 15px!important}.wpcf7 input[type=email],.wpcf7 input[type=tel]{direction:ltr;text-align:left}@media(max-width:720px){.wpcf7 form .ch-cf7-grid{grid-template-columns:1fr}}<\/style>\n<p><main id=\"main-content\" class=\"ch-local-contact ch-local-contact--tr\" lang=\"tr\"><\/p>\n<p><span lang=\"en\">CODING HOME<\/span> | \u0130leti\u015fim<\/p>\n<h1>Bir sonraki dijital ad\u0131m\u0131n\u0131z\u0131 netle\u015ftirelim.<\/h1>\n<p>Web sitesi, e-ticaret, uygulama, SEO veya dijital pazarlama talebinizi payla\u015f\u0131n; size uygulanabilir bir sonraki ad\u0131mla d\u00f6n\u00fc\u015f yapal\u0131m.<\/p>\n<section class=\"ch-contact-card\">\n<h2>\u0130leti\u015fim bilgileri<\/h2>\n<p>N Franklin Pinedale, WY 82941 34<\/p>\n<p><a href=\"mailto:info@coding-home.com\">info@coding-home.com<\/a><br \/><a href=\"tel:+13074660201\">+1 307 466 0201<\/a><\/p>\n<\/section>\n<h2>Neyi geli\u015ftirmek istedi\u011finizi anlat\u0131n.<\/h2>\n<p>\u0130nceleme, teklif, hizmet sorusu veya tan\u0131\u015fma g\u00f6r\u00fc\u015fmesi talepleriniz i\u00e7in formu kullan\u0131n.<\/p>\n<div class=\"wpcf7 no-js\" id=\"wpcf7-f5-o1\" lang=\"en-US\" dir=\"ltr\" data-wpcf7-id=\"5\">\n<div class=\"screen-reader-response\"><p role=\"status\" aria-live=\"polite\" aria-atomic=\"true\"><\/p> <ul><\/ul><\/div>\n<form action=\"\/tr\/wp-json\/wp\/v2\/pages\/9579#wpcf7-f5-o1\" method=\"post\" class=\"wpcf7-form init\" aria-label=\"Contact form\" novalidate=\"novalidate\" data-status=\"init\">\n<fieldset class=\"hidden-fields-container\"><input type=\"hidden\" name=\"_wpcf7\" value=\"5\" \/><input type=\"hidden\" name=\"_wpcf7_version\" value=\"6.1.5\" \/><input type=\"hidden\" name=\"_wpcf7_locale\" value=\"en_US\" \/><input type=\"hidden\" name=\"_wpcf7_unit_tag\" value=\"wpcf7-f5-o1\" \/><input type=\"hidden\" name=\"_wpcf7_container_post\" value=\"0\" \/><input type=\"hidden\" name=\"_wpcf7_posted_data_hash\" value=\"\" \/>\n<\/fieldset>\n<div class=\"coding-contact-form\" aria-labelledby=\"coding-contact-form-title\">\n\t<h2 id=\"coding-contact-form-title\" class=\"coding-contact-form__title\">Tell us about your project\n\t<\/h2>\n\t<p id=\"coding-contact-form-help\" class=\"coding-contact-form__intro\">Share the essentials and Coding Home will reply with the next practical step.\n\t<\/p>\n\t<p class=\"coding-contact-form__field\"><br \/>\n<label for=\"ch-your-name\">Full name <span aria-hidden=\"true\">*<\/span><\/label><br \/>\n<span class=\"wpcf7-form-control-wrap\" data-name=\"your-name\"><input size=\"40\" maxlength=\"400\" class=\"wpcf7-form-control wpcf7-text wpcf7-validates-as-required ch-field\" id=\"ch-your-name\" autocomplete=\"name\" aria-required=\"true\" aria-invalid=\"false\" placeholder=\"Your full name\" value=\"\" type=\"text\" name=\"your-name\" \/><\/span>\n\t<\/p>\n\t<p class=\"coding-contact-form__field\"><br \/>\n<label for=\"ch-your-email\">Email address <span aria-hidden=\"true\">*<\/span><\/label><br \/>\n<span class=\"wpcf7-form-control-wrap\" data-name=\"your-email\"><input size=\"40\" maxlength=\"400\" class=\"wpcf7-form-control wpcf7-email wpcf7-validates-as-required wpcf7-text wpcf7-validates-as-email ch-field\" id=\"ch-your-email\" autocomplete=\"email\" aria-required=\"true\" aria-invalid=\"false\" placeholder=\"you@example.com\" value=\"\" type=\"email\" name=\"your-email\" \/><\/span>\n\t<\/p>\n\t<p class=\"coding-contact-form__field\"><br \/>\n<label for=\"ch-your-phone\">Phone or WhatsApp<\/label><br \/>\n<span id=\"ch-phone-help\" class=\"coding-contact-form__help\">Use international format when possible.<\/span><br \/>\n<span class=\"wpcf7-form-control-wrap\" data-name=\"your-phone\"><input size=\"40\" maxlength=\"400\" class=\"wpcf7-form-control wpcf7-tel wpcf7-text wpcf7-validates-as-tel ch-field\" id=\"ch-your-phone\" autocomplete=\"tel\" aria-invalid=\"false\" placeholder=\"+1 307 466 0201\" value=\"\" type=\"tel\" name=\"your-phone\" \/><\/span>\n\t<\/p>\n\t<p class=\"coding-contact-form__field\"><br \/>\n<label for=\"ch-project-type\">Project type <span aria-hidden=\"true\">*<\/span><\/label><br \/>\n<span class=\"wpcf7-form-control-wrap\" data-name=\"project-type\"><select class=\"wpcf7-form-control wpcf7-select wpcf7-validates-as-required ch-field\" id=\"ch-project-type\" aria-required=\"true\" aria-invalid=\"false\" name=\"project-type\"><option value=\"\">&#8212;Please choose an option&#8212;<\/option><option value=\"Website design\">Website design<\/option><option value=\"Web development\">Web development<\/option><option value=\"E-commerce\">E-commerce<\/option><option value=\"SEO \/ Digital marketing\">SEO \/ Digital marketing<\/option><option value=\"Mobile application\">Mobile application<\/option><option value=\"Maintenance \/ support\">Maintenance \/ support<\/option><option value=\"Other\">Other<\/option><\/select><\/span>\n\t<\/p>\n\t<p class=\"coding-contact-form__field coding-contact-form__field--wide\"><br \/>\n<label for=\"ch-your-message\">Message <span aria-hidden=\"true\">*<\/span><\/label><br \/>\n<span id=\"ch-message-help\" class=\"coding-contact-form__help\">Minimum 20 characters. Include your current website URL if you have one.<\/span><br \/>\n<span class=\"wpcf7-form-control-wrap\" data-name=\"your-message\"><textarea cols=\"40\" rows=\"10\" maxlength=\"2000\" minlength=\"20\" class=\"wpcf7-form-control wpcf7-textarea wpcf7-validates-as-required ch-field\" id=\"ch-your-message\" aria-required=\"true\" aria-invalid=\"false\" placeholder=\"Tell us what you want to build, improve, or fix.\" name=\"your-message\"><\/textarea><\/span>\n\t<\/p>\n\t<p class=\"coding-contact-form__actions\"><input class=\"wpcf7-form-control wpcf7-submit has-spinner ch-submit\" type=\"submit\" value=\"Send project request\" \/>\n\t<\/p>\n<\/div><p style=\"display: none !important;\" class=\"akismet-fields-container\" data-prefix=\"_wpcf7_ak_\"><label>&#916;<textarea name=\"_wpcf7_ak_hp_textarea\" cols=\"45\" rows=\"8\" maxlength=\"100\"><\/textarea><\/label><input type=\"hidden\" id=\"ak_js_1\" name=\"_wpcf7_ak_js\" value=\"1\"\/><script type=\"text\/javascript\">\n\/* <![CDATA[ *\/\ndocument.getElementById( \"ak_js_1\" ).setAttribute( \"value\", ( new Date() ).getTime() );\n\/* ]]> *\/\n<\/script>\n<\/p><div class=\"wpcf7-response-output\" aria-hidden=\"true\"><\/div>\n<\/form>\n<\/div>\n<\/main><script>window.CH_CONTACT_I18N={\"lang\":\"tr\",\"title\":\"Projenizi anlat\u0131n\",\"intro\":\"Temel bilgileri payla\u015f\u0131n; Coding Home size uygulanabilir bir sonraki ad\u0131mla d\u00f6n\u00fc\u015f yaps\u0131n.\",\"name\":\"Ad soyad\",\"namePh\":\"Ad\u0131n\u0131z\u0131 ve soyad\u0131n\u0131z\u0131 yaz\u0131n\",\"email\":\"E-posta adresi\",\"emailPh\":\"you@example.com\",\"phone\":\"Telefon veya WhatsApp\",\"phoneHelp\":\"M\u00fcmk\u00fcnse uluslararas\u0131 format kullan\u0131n.\",\"project\":\"Proje t\u00fcr\u00fc\",\"message\":\"Mesaj\",\"messageHelp\":\"En az 20 karakter. Varsa mevcut web sitenizin ba\u011flant\u0131s\u0131n\u0131 ekleyin.\",\"messagePh\":\"Ne in\u015fa etmek, geli\u015ftirmek veya d\u00fczeltmek istedi\u011finizi anlat\u0131n.\",\"submit\":\"Proje talebini g\u00f6nder\",\"choose\":\"\u2014L\u00fctfen bir se\u00e7enek se\u00e7in\u2014\",\"opts\":[\"Web sitesi tasar\u0131m\u0131\",\"Web geli\u015ftirme\",\"E-ticaret\",\"SEO \/ Dijital pazarlama\"]};document.addEventListener(\"DOMContentLoaded\",function(){function run(){var d=window.CH_CONTACT_I18N,f=document.querySelector(\".wpcf7 form\");if(!d||!f)return;Array.prototype.slice.call(document.querySelectorAll(\"h2,h3\")).forEach(function(h){if(\/Tell us about your project|Projenizi|\u0645\u0634\u0631\u0648\u0639\u0643\/i.test(h.textContent||\"\"))h.textContent=d.title});Array.prototype.slice.call(document.querySelectorAll(\"p\")).forEach(function(p){if(\/Share the essentials and Coding Home\/i.test(p.textContent||\"\"))p.textContent=d.intro});[[\"#ch-your-name\",d.name,d.namePh],[\"#ch-your-email\",d.email,d.emailPh],[\"#ch-your-phone\",d.phone,\"+1 307 466 0201\"],[\"#ch-your-message\",d.message,d.messagePh]].forEach(function(a){var e=document.querySelector(a[0]);if(!e)return;e.example=a[2];var lab=document.querySelector(\"label[for=\\\"\"+e.id+\"\\\"]\");if(lab){var req=lab.querySelector(\".required\")||lab.querySelector(\"abbr\");lab.childNodes.forEach(function(n){if(n.nodeType===3&&n.nodeValue.trim())n.nodeValue=\"\"});lab.insertBefore(document.createTextNode(a[1]+\" \"),lab.firstChild)}});var sel=document.querySelector(\"#ch-project-type\");if(sel){var slab=document.querySelector(\"label[for=\\\"ch-project-type\\\"]\");if(slab){slab.childNodes.forEach(function(n){if(n.nodeType===3&&n.nodeValue.trim())n.nodeValue=\"\"});slab.insertBefore(document.createTextNode(d.project+\" \"),slab.firstChild)} if(sel.options[0])sel.options[0].textContent=d.choose;d.opts.forEach(function(t,i){if(sel.options[i+1])sel.options[i+1].textContent=t})}var s=document.querySelector(\".wpcf7 input[type=submit]\");if(s)s.value=d.submit;var hs=document.querySelectorAll(\".ch-cf7-help\");if(hs[0])hs[0].textContent=d.phoneHelp;if(hs[1])hs[1].textContent=d.messageHelp;var ph=document.querySelector(\"#ch-your-phone\"),em=document.querySelector(\"#ch-your-email\");if(ph){ph.dir=\"ltr\";ph.inputMode=\"tel\"}if(em)em.dir=\"ltr\";if(d.lang===\"ar\"){f.dir=\"rtl\";f.lang=\"ar\"}}run();setTimeout(run,800);});<\/script><\/p>\n","protected":false},"excerpt":{"rendered":"<p>CODING HOME | \u0130leti\u015fim Bir sonraki dijital ad\u0131m\u0131n\u0131z\u0131 netle\u015ftirelim. Web sitesi, e-ticaret, uygulama, SEO veya dijital pazarlama talebinizi payla\u015f\u0131n; size uygulanabilir bir sonraki ad\u0131mla d\u00f6n\u00fc\u015f yapal\u0131m. \u0130leti\u015fim bilgileri N Franklin Pinedale, WY 82941 34 info@coding-home.com+1 307 466 0201 Neyi geli\u015ftirmek istedi\u011finizi anlat\u0131n. \u0130nceleme, teklif, hizmet sorusu veya tan\u0131\u015fma g\u00f6r\u00fc\u015fmesi talepleriniz i\u00e7in formu kullan\u0131n.<\/p>\n","protected":false},"author":6,"featured_media":0,"parent":0,"menu_order":0,"comment_status":"closed","ping_status":"closed","template":"custom-page.php","meta":{"footnotes":""},"class_list":["post-9579","page","type-page","status-publish","hentry","col-lg-4"," masonry-item ","nt-default-format-box",""," nt-post-class "],"yoast_head":"<!-- This site is optimized with the Yoast SEO plugin v27.5 - https:\/\/yoast.com\/product\/yoast-seo-wordpress\/ -->\n<title>\u0130leti\u015fim - Coding Home<\/title>\n<meta name=\"robots\" content=\"noindex, follow, max-snippet:-1, max-image-preview:large, max-video-preview:-1\" \/>\n<meta property=\"og:locale\" content=\"tr_TR\" \/>\n<meta property=\"og:type\" content=\"article\" \/>\n<meta property=\"og:title\" content=\"\u0130leti\u015fim - Coding Home\" \/>\n<meta property=\"og:description\" content=\"CODING HOME | \u0130leti\u015fim Bir sonraki dijital ad\u0131m\u0131n\u0131z\u0131 netle\u015ftirelim. Web sitesi, e-ticaret, uygulama, SEO veya dijital pazarlama talebinizi payla\u015f\u0131n; size uygulanabilir bir sonraki ad\u0131mla d\u00f6n\u00fc\u015f yapal\u0131m. \u0130leti\u015fim bilgileri N Franklin Pinedale, WY 82941 34 info@coding-home.com+1 307 466 0201 Neyi geli\u015ftirmek istedi\u011finizi anlat\u0131n. \u0130nceleme, teklif, hizmet sorusu veya tan\u0131\u015fma g\u00f6r\u00fc\u015fmesi talepleriniz i\u00e7in formu kullan\u0131n.\" \/>\n<meta property=\"og:url\" content=\"https:\/\/staging.coding-home.com\/tr\/contact\/\" \/>\n<meta property=\"og:site_name\" content=\"Coding Home\" \/>\n<meta property=\"article:modified_time\" content=\"2026-05-10T20:12:12+00:00\" \/>\n<meta name=\"twitter:card\" content=\"summary_large_image\" \/>\n<script type=\"application\/ld+json\" class=\"yoast-schema-graph\">{\"@context\":\"https:\\\/\\\/schema.org\",\"@graph\":[{\"@type\":\"WebPage\",\"@id\":\"https:\\\/\\\/staging.coding-home.com\\\/tr\\\/contact\\\/\",\"url\":\"https:\\\/\\\/staging.coding-home.com\\\/tr\\\/contact\\\/\",\"name\":\"\u0130leti\u015fim - Coding Home\",\"isPartOf\":{\"@id\":\"https:\\\/\\\/staging.coding-home.com\\\/#website\"},\"datePublished\":\"2026-05-10T19:24:20+00:00\",\"dateModified\":\"2026-05-10T20:12:12+00:00\",\"breadcrumb\":{\"@id\":\"https:\\\/\\\/staging.coding-home.com\\\/tr\\\/contact\\\/#breadcrumb\"},\"inLanguage\":\"tr\",\"potentialAction\":[{\"@type\":\"ReadAction\",\"target\":[\"https:\\\/\\\/staging.coding-home.com\\\/tr\\\/contact\\\/\"]}]},{\"@type\":\"BreadcrumbList\",\"@id\":\"https:\\\/\\\/staging.coding-home.com\\\/tr\\\/contact\\\/#breadcrumb\",\"itemListElement\":[{\"@type\":\"ListItem\",\"position\":1,\"name\":\"Home\",\"item\":\"https:\\\/\\\/staging.coding-home.com\\\/tr\\\/\"},{\"@type\":\"ListItem\",\"position\":2,\"name\":\"\u0130leti\u015fim\"}]},{\"@type\":\"WebSite\",\"@id\":\"https:\\\/\\\/staging.coding-home.com\\\/#website\",\"url\":\"https:\\\/\\\/staging.coding-home.com\\\/\",\"name\":\"Coding Home\",\"description\":\"A leading Provider of All Coding-related Services\",\"potentialAction\":[{\"@type\":\"SearchAction\",\"target\":{\"@type\":\"EntryPoint\",\"urlTemplate\":\"https:\\\/\\\/staging.coding-home.com\\\/?s={search_term_string}\"},\"query-input\":{\"@type\":\"PropertyValueSpecification\",\"valueRequired\":true,\"valueName\":\"search_term_string\"}}],\"inLanguage\":\"tr\"}]}<\/script>\n<!-- \/ Yoast SEO plugin. -->","yoast_head_json":{"title":"\u0130leti\u015fim - Coding Home","robots":{"index":"noindex","follow":"follow","max-snippet":"max-snippet:-1","max-image-preview":"max-image-preview:large","max-video-preview":"max-video-preview:-1"},"og_locale":"tr_TR","og_type":"article","og_title":"\u0130leti\u015fim - Coding Home","og_description":"CODING HOME | \u0130leti\u015fim Bir sonraki dijital ad\u0131m\u0131n\u0131z\u0131 netle\u015ftirelim. Web sitesi, e-ticaret, uygulama, SEO veya dijital pazarlama talebinizi payla\u015f\u0131n; size uygulanabilir bir sonraki ad\u0131mla d\u00f6n\u00fc\u015f yapal\u0131m. \u0130leti\u015fim bilgileri N Franklin Pinedale, WY 82941 34 info@coding-home.com+1 307 466 0201 Neyi geli\u015ftirmek istedi\u011finizi anlat\u0131n. \u0130nceleme, teklif, hizmet sorusu veya tan\u0131\u015fma g\u00f6r\u00fc\u015fmesi talepleriniz i\u00e7in formu kullan\u0131n.","og_url":"https:\/\/staging.coding-home.com\/tr\/contact\/","og_site_name":"Coding Home","article_modified_time":"2026-05-10T20:12:12+00:00","twitter_card":"summary_large_image","schema":{"@context":"https:\/\/schema.org","@graph":[{"@type":"WebPage","@id":"https:\/\/staging.coding-home.com\/tr\/contact\/","url":"https:\/\/staging.coding-home.com\/tr\/contact\/","name":"\u0130leti\u015fim - Coding Home","isPartOf":{"@id":"https:\/\/staging.coding-home.com\/#website"},"datePublished":"2026-05-10T19:24:20+00:00","dateModified":"2026-05-10T20:12:12+00:00","breadcrumb":{"@id":"https:\/\/staging.coding-home.com\/tr\/contact\/#breadcrumb"},"inLanguage":"tr","potentialAction":[{"@type":"ReadAction","target":["https:\/\/staging.coding-home.com\/tr\/contact\/"]}]},{"@type":"BreadcrumbList","@id":"https:\/\/staging.coding-home.com\/tr\/contact\/#breadcrumb","itemListElement":[{"@type":"ListItem","position":1,"name":"Home","item":"https:\/\/staging.coding-home.com\/tr\/"},{"@type":"ListItem","position":2,"name":"\u0130leti\u015fim"}]},{"@type":"WebSite","@id":"https:\/\/staging.coding-home.com\/#website","url":"https:\/\/staging.coding-home.com\/","name":"Coding Home","description":"A leading Provider of All Coding-related Services","potentialAction":[{"@type":"SearchAction","target":{"@type":"EntryPoint","urlTemplate":"https:\/\/staging.coding-home.com\/?s={search_term_string}"},"query-input":{"@type":"PropertyValueSpecification","valueRequired":true,"valueName":"search_term_string"}}],"inLanguage":"tr"}]}},"_links":{"self":[{"href":"https:\/\/staging.coding-home.com\/tr\/wp-json\/wp\/v2\/pages\/9579","targetHints":{"allow":["GET"]}}],"collection":[{"href":"https:\/\/staging.coding-home.com\/tr\/wp-json\/wp\/v2\/pages"}],"about":[{"href":"https:\/\/staging.coding-home.com\/tr\/wp-json\/wp\/v2\/types\/page"}],"author":[{"embeddable":true,"href":"https:\/\/staging.coding-home.com\/tr\/wp-json\/wp\/v2\/users\/6"}],"replies":[{"embeddable":true,"href":"https:\/\/staging.coding-home.com\/tr\/wp-json\/wp\/v2\/comments?post=9579"}],"version-history":[{"count":4,"href":"https:\/\/staging.coding-home.com\/tr\/wp-json\/wp\/v2\/pages\/9579\/revisions"}],"predecessor-version":[{"id":9639,"href":"https:\/\/staging.coding-home.com\/tr\/wp-json\/wp\/v2\/pages\/9579\/revisions\/9639"}],"wp:attachment":[{"href":"https:\/\/staging.coding-home.com\/tr\/wp-json\/wp\/v2\/media?parent=9579"}],"curies":[{"name":"wp","href":"https:\/\/api.w.org\/{rel}","templated":true}]}}