{"id":9588,"date":"2026-05-10T22:40:32","date_gmt":"2026-05-10T19:40:32","guid":{"rendered":"https:\/\/staging.coding-home.com\/features\/"},"modified":"2026-05-10T22:40:43","modified_gmt":"2026-05-10T19:40:43","slug":"features","status":"publish","type":"page","link":"https:\/\/staging.coding-home.com\/tr\/features\/","title":{"rendered":"\u00d6zellikler"},"content":{"rendered":"<style>.ch-page{max-width:1180px;margin:0 auto;padding:72px 24px 110px;color:#071f2c}.ch-page[dir=rtl]{text-align:right;font-family:'Cairo','Noto Kufi Arabic',Tahoma,Arial,sans-serif}.ch-page h1{font-size:clamp(2.5rem,6vw,5.2rem);line-height:1.02;margin:0 0 18px}.ch-page h2{font-size:clamp(1.8rem,3vw,2.7rem);margin:52px 0 18px}.ch-page p{font-size:1.05rem;line-height:1.75}.ch-grid{display:grid;grid-template-columns:repeat(3,minmax(0,1fr));gap:22px;margin:28px 0}.ch-card{display:block;background:#fff;border:1px solid rgba(7,31,44,.12);border-radius:26px;padding:26px;color:#071f2c;text-decoration:none;box-shadow:0 18px 48px rgba(7,31,44,.08);transition:.2s}.ch-card:hover,.ch-card:focus{transform:translateY(-4px);outline:3px solid #4ecdc4;outline-offset:3px}.ch-hero-card{background:linear-gradient(135deg,#061d2b,#0e3a45);color:#fff;border-radius:34px;padding:34px;margin:30px 0}.ch-badge{display:inline-block;background:#d8fbf7;color:#06424a;border-radius:999px;padding:7px 12px;font-weight:700;margin-bottom:12px}.ch-work-img{height:170px;border-radius:20px;background:linear-gradient(135deg,#4ecdc4,#071f2c);margin-bottom:18px;position:relative;overflow:hidden}.ch-work-img:after{content:'';position:absolute;inset:28px;border:1px solid rgba(255,255,255,.45);border-radius:16px;box-shadow:42px 28px 0 rgba(255,255,255,.12)}.ch-table{width:100%;border-collapse:collapse;background:#fff;border-radius:20px;overflow:hidden}.ch-table th,.ch-table td{padding:16px;border-bottom:1px solid rgba(7,31,44,.1);text-align:start}.ch-cta{display:inline-block;background:#4ecdc4;color:#061d2b!important;border-radius:999px;padding:13px 20px;text-decoration:none;font-weight:800;margin-top:14px}.ch-page .brand-en{text-transform:none!important}@media(max-width:760px){.ch-grid{grid-template-columns:1fr}.ch-hero-card{border-radius:22px}}#ht-ctc-chat{max-width:min(260px,calc(100vw - 34px))!important}#ht-ctc-chat .ht-ctc-chat{white-space:nowrap!important}<\/style>\n<p><main id=\"main-content\" class=\"ch-page\" lang=\"tr\"><span class=\"ch-badge\"><span class=\"brand-en\" lang=\"en\" dir=\"ltr\">CODING HOME<\/span><\/span><\/p>\n<h1>\u00d6zellikler<\/h1>\n<p>Coding Home teslim modelini g\u00fcvenilir yapan unsurlar.<\/p>\n<table class=\"ch-table\">\n<tbody>\n<tr>\n<th>\u2713 Net kapsam<\/th>\n<td>Karar belgelenir ve test edilebilir \u015fekilde uygulan\u0131r.<\/td>\n<\/tr>\n<tr>\n<th>\u2713 Eri\u015filebilir aray\u00fczler<\/th>\n<td>Karar belgelenir ve test edilebilir \u015fekilde uygulan\u0131r.<\/td>\n<\/tr>\n<tr>\n<th>\u2713 \u00d6l\u00e7\u00fclebilir yay\u0131n<\/th>\n<td>Karar belgelenir ve test edilebilir \u015fekilde uygulan\u0131r.<\/td>\n<\/tr>\n<tr>\n<th>\u2713 S\u00fcrekli iyile\u015ftirme<\/th>\n<td>Karar belgelenir ve test edilebilir \u015fekilde uygulan\u0131r.<\/td>\n<\/tr>\n<\/tbody>\n<\/table>\n<p><\/main><\/p>\n","protected":false},"excerpt":{"rendered":"<p>CODING HOME \u00d6zellikler Coding Home teslim modelini g\u00fcvenilir yapan unsurlar. \u2713 Net kapsam Karar belgelenir ve test edilebilir \u015fekilde uygulan\u0131r. \u2713 Eri\u015filebilir aray\u00fczler Karar belgelenir ve test edilebilir \u015fekilde uygulan\u0131r. \u2713 \u00d6l\u00e7\u00fclebilir yay\u0131n Karar belgelenir ve test edilebilir \u015fekilde uygulan\u0131r. \u2713 S\u00fcrekli iyile\u015ftirme Karar belgelenir ve test edilebilir \u015fekilde uygulan\u0131r.<\/p>\n","protected":false},"author":6,"featured_media":0,"parent":0,"menu_order":0,"comment_status":"closed","ping_status":"closed","template":"custom-page.php","meta":{"footnotes":""},"class_list":["post-9588","page","type-page","status-publish","hentry","col-lg-4"," masonry-item ","nt-default-format-box",""," nt-post-class "],"yoast_head":"<!-- This site is optimized with the Yoast SEO plugin v27.5 - https:\/\/yoast.com\/product\/yoast-seo-wordpress\/ -->\n<title>\u00d6zellikler - Coding Home<\/title>\n<meta name=\"robots\" content=\"noindex, follow, max-snippet:-1, max-image-preview:large, max-video-preview:-1\" \/>\n<meta property=\"og:locale\" content=\"tr_TR\" \/>\n<meta property=\"og:type\" content=\"article\" \/>\n<meta property=\"og:title\" content=\"\u00d6zellikler - Coding Home\" \/>\n<meta property=\"og:description\" content=\"CODING HOME \u00d6zellikler Coding Home teslim modelini g\u00fcvenilir yapan unsurlar. \u2713 Net kapsam Karar belgelenir ve test edilebilir \u015fekilde uygulan\u0131r. \u2713 Eri\u015filebilir aray\u00fczler Karar belgelenir ve test edilebilir \u015fekilde uygulan\u0131r. \u2713 \u00d6l\u00e7\u00fclebilir yay\u0131n Karar belgelenir ve test edilebilir \u015fekilde uygulan\u0131r. \u2713 S\u00fcrekli iyile\u015ftirme Karar belgelenir ve test edilebilir \u015fekilde uygulan\u0131r.\" \/>\n<meta property=\"og:url\" content=\"https:\/\/staging.coding-home.com\/tr\/features\/\" \/>\n<meta property=\"og:site_name\" content=\"Coding Home\" \/>\n<meta property=\"article:modified_time\" content=\"2026-05-10T19:40:43+00:00\" \/>\n<meta name=\"twitter:card\" content=\"summary_large_image\" \/>\n<script type=\"application\/ld+json\" class=\"yoast-schema-graph\">{\"@context\":\"https:\\\/\\\/schema.org\",\"@graph\":[{\"@type\":\"WebPage\",\"@id\":\"https:\\\/\\\/staging.coding-home.com\\\/tr\\\/features\\\/\",\"url\":\"https:\\\/\\\/staging.coding-home.com\\\/tr\\\/features\\\/\",\"name\":\"\u00d6zellikler - Coding Home\",\"isPartOf\":{\"@id\":\"https:\\\/\\\/staging.coding-home.com\\\/#website\"},\"datePublished\":\"2026-05-10T19:40:32+00:00\",\"dateModified\":\"2026-05-10T19:40:43+00:00\",\"breadcrumb\":{\"@id\":\"https:\\\/\\\/staging.coding-home.com\\\/tr\\\/features\\\/#breadcrumb\"},\"inLanguage\":\"tr\",\"potentialAction\":[{\"@type\":\"ReadAction\",\"target\":[\"https:\\\/\\\/staging.coding-home.com\\\/tr\\\/features\\\/\"]}]},{\"@type\":\"BreadcrumbList\",\"@id\":\"https:\\\/\\\/staging.coding-home.com\\\/tr\\\/features\\\/#breadcrumb\",\"itemListElement\":[{\"@type\":\"ListItem\",\"position\":1,\"name\":\"Home\",\"item\":\"https:\\\/\\\/staging.coding-home.com\\\/tr\\\/\"},{\"@type\":\"ListItem\",\"position\":2,\"name\":\"\u00d6zellikler\"}]},{\"@type\":\"WebSite\",\"@id\":\"https:\\\/\\\/staging.coding-home.com\\\/#website\",\"url\":\"https:\\\/\\\/staging.coding-home.com\\\/\",\"name\":\"Coding Home\",\"description\":\"A leading Provider of All Coding-related Services\",\"potentialAction\":[{\"@type\":\"SearchAction\",\"target\":{\"@type\":\"EntryPoint\",\"urlTemplate\":\"https:\\\/\\\/staging.coding-home.com\\\/?s={search_term_string}\"},\"query-input\":{\"@type\":\"PropertyValueSpecification\",\"valueRequired\":true,\"valueName\":\"search_term_string\"}}],\"inLanguage\":\"tr\"}]}<\/script>\n<!-- \/ Yoast SEO plugin. -->","yoast_head_json":{"title":"\u00d6zellikler - Coding Home","robots":{"index":"noindex","follow":"follow","max-snippet":"max-snippet:-1","max-image-preview":"max-image-preview:large","max-video-preview":"max-video-preview:-1"},"og_locale":"tr_TR","og_type":"article","og_title":"\u00d6zellikler - Coding Home","og_description":"CODING HOME \u00d6zellikler Coding Home teslim modelini g\u00fcvenilir yapan unsurlar. \u2713 Net kapsam Karar belgelenir ve test edilebilir \u015fekilde uygulan\u0131r. \u2713 Eri\u015filebilir aray\u00fczler Karar belgelenir ve test edilebilir \u015fekilde uygulan\u0131r. \u2713 \u00d6l\u00e7\u00fclebilir yay\u0131n Karar belgelenir ve test edilebilir \u015fekilde uygulan\u0131r. \u2713 S\u00fcrekli iyile\u015ftirme Karar belgelenir ve test edilebilir \u015fekilde uygulan\u0131r.","og_url":"https:\/\/staging.coding-home.com\/tr\/features\/","og_site_name":"Coding Home","article_modified_time":"2026-05-10T19:40:43+00:00","twitter_card":"summary_large_image","schema":{"@context":"https:\/\/schema.org","@graph":[{"@type":"WebPage","@id":"https:\/\/staging.coding-home.com\/tr\/features\/","url":"https:\/\/staging.coding-home.com\/tr\/features\/","name":"\u00d6zellikler - Coding Home","isPartOf":{"@id":"https:\/\/staging.coding-home.com\/#website"},"datePublished":"2026-05-10T19:40:32+00:00","dateModified":"2026-05-10T19:40:43+00:00","breadcrumb":{"@id":"https:\/\/staging.coding-home.com\/tr\/features\/#breadcrumb"},"inLanguage":"tr","potentialAction":[{"@type":"ReadAction","target":["https:\/\/staging.coding-home.com\/tr\/features\/"]}]},{"@type":"BreadcrumbList","@id":"https:\/\/staging.coding-home.com\/tr\/features\/#breadcrumb","itemListElement":[{"@type":"ListItem","position":1,"name":"Home","item":"https:\/\/staging.coding-home.com\/tr\/"},{"@type":"ListItem","position":2,"name":"\u00d6zellikler"}]},{"@type":"WebSite","@id":"https:\/\/staging.coding-home.com\/#website","url":"https:\/\/staging.coding-home.com\/","name":"Coding Home","description":"A leading Provider of All Coding-related Services","potentialAction":[{"@type":"SearchAction","target":{"@type":"EntryPoint","urlTemplate":"https:\/\/staging.coding-home.com\/?s={search_term_string}"},"query-input":{"@type":"PropertyValueSpecification","valueRequired":true,"valueName":"search_term_string"}}],"inLanguage":"tr"}]}},"_links":{"self":[{"href":"https:\/\/staging.coding-home.com\/tr\/wp-json\/wp\/v2\/pages\/9588","targetHints":{"allow":["GET"]}}],"collection":[{"href":"https:\/\/staging.coding-home.com\/tr\/wp-json\/wp\/v2\/pages"}],"about":[{"href":"https:\/\/staging.coding-home.com\/tr\/wp-json\/wp\/v2\/types\/page"}],"author":[{"embeddable":true,"href":"https:\/\/staging.coding-home.com\/tr\/wp-json\/wp\/v2\/users\/6"}],"replies":[{"embeddable":true,"href":"https:\/\/staging.coding-home.com\/tr\/wp-json\/wp\/v2\/comments?post=9588"}],"version-history":[{"count":1,"href":"https:\/\/staging.coding-home.com\/tr\/wp-json\/wp\/v2\/pages\/9588\/revisions"}],"predecessor-version":[{"id":9594,"href":"https:\/\/staging.coding-home.com\/tr\/wp-json\/wp\/v2\/pages\/9588\/revisions\/9594"}],"wp:attachment":[{"href":"https:\/\/staging.coding-home.com\/tr\/wp-json\/wp\/v2\/media?parent=9588"}],"curies":[{"name":"wp","href":"https:\/\/api.w.org\/{rel}","templated":true}]}}